{"id":374,"date":"2026-05-04T04:39:11","date_gmt":"2026-05-04T04:39:11","guid":{"rendered":"https:\/\/www.tazkiraacademy.com\/?page_id=374"},"modified":"2026-05-13T23:58:17","modified_gmt":"2026-05-13T23:58:17","slug":"compte-premium","status":"publish","type":"page","link":"https:\/\/www.tazkiraacademy.com\/en\/compte-premium\/","title":{"rendered":"Compte premium"},"content":{"rendered":"<sc-checkout\n\tclass=\"checkout\"\n\tid=\"sc-checkout-371\"\n\tstyle=\"text-align: left;--sc-form-row-spacing: 25px;\"\n\tmodified=\"2026-05-13 23:20:59\"\n\talignment=\"\"\n\tsuccess-url=\"https:\/\/www.tazkiraacademy.com\/app-tazkira\/\"\n>\n\t<sc-form>\n\t\t\t\t\t<sc-checkbox name=\"get_feedback\" value=\"Feedback\" style=\"display: none !important;\"><\/sc-checkbox>\n\t\t\t\t\n\n<div class=\"wp-block-surecart-columns has-background-background-color has-background is-layout-flex wp-block-surecart-columns-is-layout-flex\">\n<div class=\"wp-block-surecart-column is-vertically-aligned-top is-sticky\" style=\"top:50px\">\n<sc-heading>Order Summary<span slot=\"description\"><\/span><span slot=\"end\"><\/span><\/sc-heading>\n\n\n\n<sc-order-summary order-summary-text=\"Summary\" invoice-summary-text=\"Invoice Summary\">\n<sc-divider><\/sc-divider>\n\n\n\n<sc-line-items removable=\"1\" editable=\"1\"><\/sc-line-items>\n\n\n\n<sc-divider><\/sc-divider>\n\n\n\n<sc-line-item-total total=\"subtotal\"><span slot=\"description\">Subtotal<\/span><span slot=\"total-payments-description\">Total Installments<\/span><span slot=\"first-payment-subtotal-description\">Initial Payment<\/span><\/sc-line-item-total>\n\n\n<sc-line-item-trial class=\"wp-block-surecart-trial-line-item\" label=\"Trial\"><\/sc-line-item-trial>\n\n\t\t<sc-order-coupon-form\n\t\t\tlabel=\"Add Coupon Code\"\n\t\t\tplaceholder=\"Entrer le code de r\u00e9duction\"\n\t\t\tbutton-text=\"Apply Coupon\"\n\t\t\tcollapsed>\n\t\t<\/sc-order-coupon-form>\n\t\t\n\n\n<sc-line-item-tax><\/sc-line-item-tax>\n\n\n\n<sc-divider><\/sc-divider>\n\n\n\n<sc-line-item-total total=\"total\" size=\"large\" show-currency=\"1\"><span slot=\"title\">Total<\/span><span slot=\"subscription-title\">Total Due Today<\/span><span slot=\"first-payment-total-description\">Subtotal<\/span><span slot=\"free-trial-description\">Trial<\/span><span slot=\"due-amount-description\">Amount Due<\/span><\/sc-line-item-total>\n<\/sc-order-summary>\n<\/div>\n\n\n\n<div class=\"wp-block-surecart-column\" style=\"padding-top:0px;padding-right:0px;padding-bottom:0px;padding-left:0px\">\n<sc-heading>Contact Information<span slot=\"description\"><\/span><span slot=\"end\"><\/span><\/sc-heading>\n\n\n\n\t\t<sc-customer-email\n\t\t\tclass=\"\"\n\t\t\tlabel=\"Email Address\"\n\t\t\t\t\t\t\t\t\t\t\t\t\t\t\trequired\n\t\t\tautocomplete='email'\n\t\t\tinputmode='email'\n\t\t>\n\t\t<\/sc-customer-email>\n\n\t\t\n\n\n\t\t<sc-order-password\n\t\t\ttype=\"password\"\n\t\t\tname=\"password\"\n\t\t\tclass=\"\"\n\t\t\tlabel=\"Password\"\n\t\t\thelp=\"\"\n\t\t\tautofocus=\"\"\n\t\t\tmaxlength=\"\"\n\t\t\tminlength=\"\"\n\t\t\tplaceholder=\"\"\n\t\t\tshowlabel=\"1\"\n\t\t\tsize=\"\"\n\t\t\tvalue=\"\"\n\t\t\trequired=\"false\"\n\t\t\tconfirmation=\"false\"\n\t\t\tconfirmation-label=\"Password Confirmation\"\n\t\t\tconfirmation-placeholder=\"\"\n\t\t\tconfirmation-help=\"\"\n\t\t\tenable-validation=\"true\"\n\t\t>\n\t\t<\/sc-order-password>\n\n\t\t\n\n\n\t\t<sc-payment\n\t\t\tid=\"sc-payment-0\"\n\t\t\tclass=\"\"\n\t\t>\n\t\t\t\t\t\t\t<sc-stripe-payment-element slot=\"stripe\"><\/sc-stripe-payment-element>\n\t\t\t\n\t\t\t\t\t<\/sc-payment>\n\t\t\n\n\n<sc-switch name=\"switch\" value=\"on\" required>I agree to the purchase terms.<span slot=\"description\">You can find these on our terms page.<\/span><\/sc-switch>\n\n\n\t\t<sc-order-submit\n\t\t\ttype=\"primary\"\n\t\t\tfull=\"true\"\n\t\t\tsize=\"large\"\n\t\t\ticon=\"lock\"\t\t\tshow-total=\"true\"\n\t\t\tsecure-notice=\"true\"\n\t\t\tsecure-notice-text=\"Processus de paiement crypt\u00e9 et s\u00e9curis\u00e9.\"\n\t\t\t\t\t\t\t\t\tclass=\"wp-block-surecart-submit\"\n\t\t>Purchase<\/sc-order-submit>\n\t\t<\/div>\n<\/div>\n\n\t<\/sc-form>\n<\/sc-checkout>","protected":false},"excerpt":{"rendered":"","protected":false},"author":1,"featured_media":0,"parent":0,"menu_order":0,"comment_status":"closed","ping_status":"closed","template":"","meta":{"_surecart_dashboard_logo_width":"180px","_surecart_dashboard_show_logo":true,"_surecart_dashboard_navigation_orders":true,"_surecart_dashboard_navigation_invoices":true,"_surecart_dashboard_navigation_subscriptions":true,"_surecart_dashboard_navigation_downloads":true,"_surecart_dashboard_navigation_billing":true,"_surecart_dashboard_navigation_account":true,"footnotes":""},"class_list":["post-374","page","type-page","status-publish","hentry"],"_links":{"self":[{"href":"https:\/\/www.tazkiraacademy.com\/en\/wp-json\/wp\/v2\/pages\/374","targetHints":{"allow":["GET"]}}],"collection":[{"href":"https:\/\/www.tazkiraacademy.com\/en\/wp-json\/wp\/v2\/pages"}],"about":[{"href":"https:\/\/www.tazkiraacademy.com\/en\/wp-json\/wp\/v2\/types\/page"}],"author":[{"embeddable":true,"href":"https:\/\/www.tazkiraacademy.com\/en\/wp-json\/wp\/v2\/users\/1"}],"replies":[{"embeddable":true,"href":"https:\/\/www.tazkiraacademy.com\/en\/wp-json\/wp\/v2\/comments?post=374"}],"version-history":[{"count":1,"href":"https:\/\/www.tazkiraacademy.com\/en\/wp-json\/wp\/v2\/pages\/374\/revisions"}],"predecessor-version":[{"id":375,"href":"https:\/\/www.tazkiraacademy.com\/en\/wp-json\/wp\/v2\/pages\/374\/revisions\/375"}],"wp:attachment":[{"href":"https:\/\/www.tazkiraacademy.com\/en\/wp-json\/wp\/v2\/media?parent=374"}],"curies":[{"name":"wp","href":"https:\/\/api.w.org\/{rel}","templated":true}]}}