{"id":3,"date":"2026-04-20T09:46:58","date_gmt":"2026-04-20T09:46:58","guid":{"rendered":"https:\/\/www.tazkiraacademy.com\/?page_id=3"},"modified":"2026-05-08T11:16:06","modified_gmt":"2026-05-08T11:16:06","slug":"privacy-policy","status":"publish","type":"page","link":"https:\/\/www.tazkiraacademy.com\/en\/privacy-policy\/","title":{"rendered":"Privacy Policy"},"content":{"rendered":"<h2 class=\"wp-block-heading\">Tazkira Academy Privacy Policy<\/h2>\n\n\n\n<p>Welcome to the Tazkira Academy privacy policy. We attach great importance to the protection of your personal data and respect for your privacy.<\/p>\n\n\n\n<h3 class=\"wp-block-heading\">1. Who are we?<\/h3>\n\n\n\n<p>Our website address is: <a target=\"_blank\" rel=\"noreferrer noopener\" href=\"https:\/\/www.tazkiraacademy.com\/en\/\">https:\/\/www.tazkiraacademy.com.<\/a>The purpose of this site is to provide courses and spiritual guidance through our application.<\/p>\n\n\n\n<h3 class=\"wp-block-heading\">2. Use of collected personal data<\/h3>\n\n\n\n<p><strong>Account Creation and Payments (SureCart)<\/strong> When you purchase a subscription on Tazkira Academy, we collect the information necessary to process your order and create your member area (first name, last name, email address, purchase history).\nYour payments are secure and processed by our trusted payment providers (such as Stripe or PayPal). We do not store any credit card information directly on our servers.<\/p>\n\n\n\n<p><strong>Newsletter (MailPoet)<\/strong> If you subscribe to our newsletter via our form, we collect your email address solely to send you our news, reminders, and app updates. You can unsubscribe at any time with a single click via the link at the bottom of each email.<\/p>\n\n\n\n<h3 class=\"wp-block-heading\">3. Cookies<\/h3>\n\n\n\n<p>If you visit our login page, a temporary cookie will be set to determine if your browser accepts cookies. This cookie contains no personal data.\nWhen you log in, we will also set up several cookies to save your login information and your screen display choices. This allows you to navigate comfortably within your member area without having to log in again on every page.<\/p>\n\n\n\n<h3 class=\"wp-block-heading\">4. How long we retain your data<\/h3>\n\n\n\n<p>Pour les utilisateurs et utilisatrices qui s&rsquo;enregistrent sur notre site, nous stockons les donn\u00e9es personnelles indiqu\u00e9es dans leur profil. Tous les utilisateurs peuvent voir, modifier ou supprimer leurs informations personnelles \u00e0 tout moment dans leur espace \u00ab\u00a0Mon Compte\u00a0\u00bb. Les administrateurs du site peuvent aussi voir et modifier ces informations pour vous assister.<\/p>\n\n\n\n<h3 class=\"wp-block-heading\">5. What rights you have over your data<\/h3>\n\n\n\n<p>If you have an account on Tazkira Academy, you can request to receive an exported file of the personal data we hold about you. You can also request that we erase any personal data concerning you. This does not include any data we are obliged to keep for administrative, legal, or security purposes (such as your purchase invoices).<\/p>","protected":false},"excerpt":{"rendered":"<p>Politique de Confidentialit\u00e9 de Tazkira Academy Bienvenue sur la politique de confidentialit\u00e9 de Tazkira Academy. Nous accordons une grande importance \u00e0 la protection de vos donn\u00e9es personnelles et au respect de votre vie priv\u00e9e. 1. Qui sommes-nous ? L&rsquo;adresse de notre site Web est : https:\/\/www.tazkiraacademy.com. Ce site a pour but de fournir des cours [&#8230;]\n","protected":false},"author":1,"featured_media":0,"parent":0,"menu_order":0,"comment_status":"closed","ping_status":"closed","template":"","meta":{"_surecart_dashboard_logo_width":"180px","_surecart_dashboard_show_logo":true,"_surecart_dashboard_navigation_orders":true,"_surecart_dashboard_navigation_invoices":true,"_surecart_dashboard_navigation_subscriptions":true,"_surecart_dashboard_navigation_downloads":true,"_surecart_dashboard_navigation_billing":true,"_surecart_dashboard_navigation_account":true,"footnotes":""},"class_list":["post-3","page","type-page","status-publish","hentry"],"_links":{"self":[{"href":"https:\/\/www.tazkiraacademy.com\/en\/wp-json\/wp\/v2\/pages\/3","targetHints":{"allow":["GET"]}}],"collection":[{"href":"https:\/\/www.tazkiraacademy.com\/en\/wp-json\/wp\/v2\/pages"}],"about":[{"href":"https:\/\/www.tazkiraacademy.com\/en\/wp-json\/wp\/v2\/types\/page"}],"author":[{"embeddable":true,"href":"https:\/\/www.tazkiraacademy.com\/en\/wp-json\/wp\/v2\/users\/1"}],"replies":[{"embeddable":true,"href":"https:\/\/www.tazkiraacademy.com\/en\/wp-json\/wp\/v2\/comments?post=3"}],"version-history":[{"count":3,"href":"https:\/\/www.tazkiraacademy.com\/en\/wp-json\/wp\/v2\/pages\/3\/revisions"}],"predecessor-version":[{"id":408,"href":"https:\/\/www.tazkiraacademy.com\/en\/wp-json\/wp\/v2\/pages\/3\/revisions\/408"}],"wp:attachment":[{"href":"https:\/\/www.tazkiraacademy.com\/en\/wp-json\/wp\/v2\/media?parent=3"}],"curies":[{"name":"wp","href":"https:\/\/api.w.org\/{rel}","templated":true}]}}